{"id":17,"date":"2015-01-13T17:53:22","date_gmt":"2015-01-13T17:53:22","guid":{"rendered":"http:\/\/demo.safirtema.com\/safirkurumsal\/?page_id=17"},"modified":"2025-11-29T20:05:08","modified_gmt":"2025-11-29T20:05:08","slug":"sikca-sorulan-sorular","status":"publish","type":"page","link":"http:\/\/www.kiralikkonkasor.com\/?page_id=17","title":{"rendered":"S\u0131k\u00e7a Sorulan Sorular"},"content":{"rendered":"\n<div class=\"wp-block-safirtema-bgtext descriptionbox question\"><div class=\"inner\"><div class=\"icon safiricon\"><svg class=\"safiricon-soru\"><use href=\"#safiricon-soru\"><\/use><\/svg><\/div><div class=\"header\">AKLINIZDA SORU \u0130\u015eARET\u0130 KALMASIN<\/div><div class=\"content\">Siz de\u011ferli ziyaret\u00e7ilerimiz i\u00e7in s\u0131k\u00e7a kar\u015f\u0131la\u015ft\u0131\u011f\u0131m\u0131z sorular\u0131 derledik ve cevaplar\u0131 ile birlikte bilginize sunduk.<\/div><\/div><\/div>\n\n\n\n<div class=\"wp-block-safirtema-sorucevap safir-faq\"><div class=\"question\"><div class=\"safiricon icon\"><svg class=\"safiricon-soru\"><use href=\"#safiricon-soru\"><\/use><\/svg><\/div><span class=\"text\">KIRMA ELEME TES\u0130S\u0130 NED\u0130R?<\/span><div class=\"openclose plus\"><\/div><\/div><p class=\"answer\">Kompak bir \u015fasede birle\u015ftirilen Ta\u015f veya Madenleri k\u0131rma eleme y\u0131kama yapan tesisin genel ad\u0131d\u0131r.<\/p><\/div>\n\n\n\n<div class=\"wp-block-safirtema-sorucevap safir-faq\"><div class=\"question\"><div class=\"safiricon icon\"><svg class=\"safiricon-soru\"><use href=\"#safiricon-soru\"><\/use><\/svg><\/div><span class=\"text\">MOB\u0130L KONKAS\u00d6R SAATTE KA\u00c7 TON \u00dcRET\u0130M YAPMAKTADIR?<\/span><div class=\"openclose plus\"><\/div><\/div><p class=\"answer\">140\u2019lIk K\u0131rma Eleme Tesisi Kalker ta\u015f\u0131nda 250-300 ton\/saat kapasite ile, Bazalt ta\u015f\u0131nda ise 200-230 ton\/saat kapasite ile \u00e7al\u0131\u015f\u0131r. K\u0131rma ve eleme kapasiteleri, Ekstra Makinalar \u0130laveleri Artt\u0131r\u0131labilir.<\/p><\/div>\n\n\n\n<div class=\"wp-block-safirtema-sorucevap safir-faq\"><div class=\"question\"><div class=\"safiricon icon\"><svg class=\"safiricon-soru\"><use href=\"#safiricon-soru\"><\/use><\/svg><\/div><span class=\"text\">KIRMA ELEME TES\u0130SLER\u0130 TOZSUZLANDIRMA S\u0130STEM\u0130 NED\u0130R?<\/span><div class=\"openclose plus\"><\/div><\/div><p class=\"answer\">Tozsuzland\u0131rma Sistemi, k\u0131rma eleme tesislerinde \u00e7evreye ve insana verilebilecek zarar\u0131 en aza indirgemek i\u00e7in yap\u0131lan, son teknoloji yeni nesil bir sistemdir.<\/p><\/div>\n\n\n\n<div class=\"wp-block-safirtema-sorucevap safir-faq\"><div class=\"question\"><div class=\"safiricon icon\"><svg class=\"safiricon-soru\"><use href=\"#safiricon-soru\"><\/use><\/svg><\/div><span class=\"text\">Hizmet B\u00f6lgeleriniz Neresidir?<\/span><div class=\"openclose plus\"><\/div><\/div><p class=\"answer\">T\u00fcrkiye geneli Hizmet vermekteyiz.<\/p><\/div>\n\n\n\n<div class=\"wp-block-safirtema-sorucevap safir-faq\"><div class=\"question\"><div class=\"safiricon icon\"><svg class=\"safiricon-soru\"><use href=\"#safiricon-soru\"><\/use><\/svg><\/div><span class=\"text\">Mucur sat\u0131\u015f\u0131n\u0131z Mevcutmudur?<\/span><div class=\"openclose plus\"><\/div><\/div><p class=\"answer\">Evet, Gaziantep ilinde sat\u0131\u015f\u0131m\u0131z mevcuttur.<\/p><\/div>\n","protected":false},"excerpt":{"rendered":"","protected":false},"author":1,"featured_media":0,"parent":0,"menu_order":0,"comment_status":"open","ping_status":"open","template":"","meta":{"footnotes":""},"class_list":["post-17","page","type-page","status-publish","hentry"],"aioseo_notices":[],"_links":{"self":[{"href":"http:\/\/www.kiralikkonkasor.com\/index.php?rest_route=\/wp\/v2\/pages\/17","targetHints":{"allow":["GET"]}}],"collection":[{"href":"http:\/\/www.kiralikkonkasor.com\/index.php?rest_route=\/wp\/v2\/pages"}],"about":[{"href":"http:\/\/www.kiralikkonkasor.com\/index.php?rest_route=\/wp\/v2\/types\/page"}],"author":[{"embeddable":true,"href":"http:\/\/www.kiralikkonkasor.com\/index.php?rest_route=\/wp\/v2\/users\/1"}],"replies":[{"embeddable":true,"href":"http:\/\/www.kiralikkonkasor.com\/index.php?rest_route=%2Fwp%2Fv2%2Fcomments&post=17"}],"version-history":[{"count":11,"href":"http:\/\/www.kiralikkonkasor.com\/index.php?rest_route=\/wp\/v2\/pages\/17\/revisions"}],"predecessor-version":[{"id":639,"href":"http:\/\/www.kiralikkonkasor.com\/index.php?rest_route=\/wp\/v2\/pages\/17\/revisions\/639"}],"wp:attachment":[{"href":"http:\/\/www.kiralikkonkasor.com\/index.php?rest_route=%2Fwp%2Fv2%2Fmedia&parent=17"}],"curies":[{"name":"wp","href":"https:\/\/api.w.org\/{rel}","templated":true}]}}